{"id":941,"date":"2025-03-05T10:35:39","date_gmt":"2025-03-05T09:35:39","guid":{"rendered":"https:\/\/travnice-nuse.cz\/?post_type=product&#038;p=941"},"modified":"2025-04-03T09:08:22","modified_gmt":"2025-04-03T07:08:22","slug":"barevna-taska-se-zapinanim-kvetinkova","status":"publish","type":"product","link":"https:\/\/travnice-nuse.cz\/sk\/produkt\/barevna-taska-se-zapinanim-kvetinkova\/","title":{"rendered":"Barevn\u00e1 ta\u0161ka se zap\u00edn\u00e1n\u00edm &#8211; kv\u011btinkov\u00e1"},"content":{"rendered":"<div class=\"elementor-element elementor-element-4173309d elementor-widget elementor-widget-woocommerce-product-short-description\" data-id=\"4173309d\" data-element_type=\"widget\" data-widget_type=\"woocommerce-product-short-description.default\">\n<div class=\"elementor-widget-container\">\n<div class=\"woocommerce-product-details__short-description\">\n<p>Ta\u0161ka je vyrobena ze <b>100% pevnej bavlny.\u00a0<\/b>Je dopln\u011bn\u00e1 na\u0161it\u00edm barevn\u00e9ho pruhu l\u00e1tky a to ji d\u011bl\u00e1 n\u00e1paditou. Zap\u00edn\u00e1n\u00ed je na d\u0159ev\u011bn\u00fd knofl\u00edk. Je na\u0159asen\u00e1 dv\u011bma z\u00e1hyby.<\/p>\n<\/div>\n<\/div>\n<\/div>\n<div class=\"elementor-element elementor-element-57b529b3 elementor-widget elementor-widget-woocommerce-product-content\" data-id=\"57b529b3\" data-element_type=\"widget\" data-widget_type=\"woocommerce-product-content.default\">\n<div class=\"elementor-widget-container\">\n<p>Na ta\u0161ke s\u00fa na\u0161it\u00e9 dr\u017eadl\u00e1, ktor\u00e9 unes\u00fa ve\u013ek\u00fa v\u00e1hu.<\/p>\n<p>Rozmery ta\u0161ky:<\/p>\n<p><b>\u0160\u00edrka<\/b>:\u00a0<b>48 x 42cm<\/b><\/p>\n<p><b>V\u00fd\u0161ka<\/b>:\u00a0<b>48cm<\/b><\/p>\n<p><b>D\u013a\u017eka ucha<\/b>:\u00a0<b>54 cm<\/b><\/p>\n<\/div>\n<\/div>","protected":false},"excerpt":{"rendered":"<p>Ta\u0161ka je vyrobena ze 100% pevn\u00e9 bavlny.\u00a0Je dopln\u011bn\u00e1 na\u0161it\u00edm barevn\u00e9ho pruhu l\u00e1tky a to ji d\u011bl\u00e1 n\u00e1paditou. Zap\u00edn\u00e1n\u00ed je na d\u0159ev\u011bn\u00fd knofl\u00edk. Je na\u0159asen\u00e1 dv\u011bma z\u00e1hyby. Dr\u017eadla jsou na\u0161ita na ta\u0161ku, kter\u00e1 unese velkou v\u00e1hu. Rozm\u011bry ta\u0161ky: \u0160\u00ed\u0159ka:\u00a048 x 42cm V\u00fd\u0161ka:\u00a048cm D\u00e9lka ucha:\u00a054cm<\/p>","protected":false},"featured_media":942,"comment_status":"open","ping_status":"closed","template":"","meta":[],"product_brand":[],"product_cat":[44],"product_tag":[],"class_list":{"0":"post-941","1":"product","2":"type-product","3":"status-publish","4":"has-post-thumbnail","6":"product_cat-stylove-nakupni-tasky","8":"first","9":"instock","10":"shipping-taxable","11":"purchasable","12":"product-type-simple"},"_links":{"self":[{"href":"https:\/\/travnice-nuse.cz\/sk\/wp-json\/wp\/v2\/product\/941","targetHints":{"allow":["GET"]}}],"collection":[{"href":"https:\/\/travnice-nuse.cz\/sk\/wp-json\/wp\/v2\/product"}],"about":[{"href":"https:\/\/travnice-nuse.cz\/sk\/wp-json\/wp\/v2\/types\/product"}],"replies":[{"embeddable":true,"href":"https:\/\/travnice-nuse.cz\/sk\/wp-json\/wp\/v2\/comments?post=941"}],"wp:featuredmedia":[{"embeddable":true,"href":"https:\/\/travnice-nuse.cz\/sk\/wp-json\/wp\/v2\/media\/942"}],"wp:attachment":[{"href":"https:\/\/travnice-nuse.cz\/sk\/wp-json\/wp\/v2\/media?parent=941"}],"wp:term":[{"taxonomy":"product_brand","embeddable":true,"href":"https:\/\/travnice-nuse.cz\/sk\/wp-json\/wp\/v2\/product_brand?post=941"},{"taxonomy":"product_cat","embeddable":true,"href":"https:\/\/travnice-nuse.cz\/sk\/wp-json\/wp\/v2\/product_cat?post=941"},{"taxonomy":"product_tag","embeddable":true,"href":"https:\/\/travnice-nuse.cz\/sk\/wp-json\/wp\/v2\/product_tag?post=941"}],"curies":[{"name":"wp","href":"https:\/\/api.w.org\/{rel}","templated":true}]}}