{"id":792,"date":"2024-07-02T23:22:03","date_gmt":"2024-07-02T21:22:03","guid":{"rendered":"https:\/\/travnice-nuse.cz\/?post_type=product&#038;p=792"},"modified":"2024-07-03T14:31:37","modified_gmt":"2024-07-03T12:31:37","slug":"stylova-nakupni-taska-modni-doplnky","status":"publish","type":"product","link":"https:\/\/travnice-nuse.cz\/sk\/produkt\/stylova-nakupni-taska-modni-doplnky\/","title":{"rendered":"\u0160t\u00fdlov\u00e1 n\u00e1kupn\u00e1 ta\u0161ka - m\u00f3dne doplnky"},"content":{"rendered":"<div class=\"elementor-element elementor-element-4173309d elementor-widget elementor-widget-woocommerce-product-short-description\" data-id=\"4173309d\" data-element_type=\"widget\" data-widget_type=\"woocommerce-product-short-description.default\">\n<div class=\"elementor-widget-container\">\n<div class=\"woocommerce-product-details__short-description\">\n<p>N\u00e1kupn\u00e1 ta\u0161ka je vyroben\u00e1 z\u00a0<b>100% pevnej bavlny.\u00a0<\/b>Je doplnen\u00fd farebn\u00fdm pruhom l\u00e1tky, ktor\u00fd ho rob\u00ed n\u00e1padn\u00fdm.<\/p>\n<\/div>\n<\/div>\n<\/div>\n<div class=\"elementor-element elementor-element-57b529b3 elementor-widget elementor-widget-woocommerce-product-content\" data-id=\"57b529b3\" data-element_type=\"widget\" data-widget_type=\"woocommerce-product-content.default\">\n<div class=\"elementor-widget-container\">\n<p>Na ta\u0161ke s\u00fa na\u0161it\u00e9 dr\u017eadl\u00e1, ktor\u00e9 unes\u00fa ve\u013ek\u00fa v\u00e1hu.<\/p>\n<p>Rozmery ta\u0161ky:<\/p>\n<p><b>\u0160\u00edrka<\/b>:\u00a0<b>45 cm<\/b><\/p>\n<p><b>V\u00fd\u0161ka<\/b>:\u00a0<b>45 cm<\/b><\/p>\n<p><b>D\u013a\u017eka ucha<\/b>:\u00a0<b>54 cm<\/b><\/p>\n<\/div>\n<\/div>","protected":false},"excerpt":{"rendered":"<p>N\u00e1kupn\u00e1 ta\u0161ka je vyroben\u00e1 zo silnej bavlny 100%. Je doplnen\u00e1 na\u0161it\u00edm farebn\u00e9ho pruhu l\u00e1tky, v\u010faka \u010domu je n\u00e1padn\u00e1. Na ta\u0161ke s\u00fa na\u0161it\u00e9 r\u00fa\u010dky, ktor\u00e9 unes\u00fa ve\u013ek\u00fa z\u00e1\u0165a\u017e. Rozmery ta\u0161ky: \u0160\u00edrka: 45 cm V\u00fd\u0161ka: 45 cm D\u013a\u017eka r\u00fa\u010dky: 54 cm<\/p>","protected":false},"featured_media":793,"comment_status":"open","ping_status":"closed","template":"","meta":[],"product_brand":[],"product_cat":[44],"product_tag":[],"class_list":{"0":"post-792","1":"product","2":"type-product","3":"status-publish","4":"has-post-thumbnail","6":"product_cat-stylove-nakupni-tasky","7":"product_shipping_class-1kg","9":"first","10":"instock","11":"shipping-taxable","12":"purchasable","13":"product-type-simple"},"_links":{"self":[{"href":"https:\/\/travnice-nuse.cz\/sk\/wp-json\/wp\/v2\/product\/792","targetHints":{"allow":["GET"]}}],"collection":[{"href":"https:\/\/travnice-nuse.cz\/sk\/wp-json\/wp\/v2\/product"}],"about":[{"href":"https:\/\/travnice-nuse.cz\/sk\/wp-json\/wp\/v2\/types\/product"}],"replies":[{"embeddable":true,"href":"https:\/\/travnice-nuse.cz\/sk\/wp-json\/wp\/v2\/comments?post=792"}],"wp:featuredmedia":[{"embeddable":true,"href":"https:\/\/travnice-nuse.cz\/sk\/wp-json\/wp\/v2\/media\/793"}],"wp:attachment":[{"href":"https:\/\/travnice-nuse.cz\/sk\/wp-json\/wp\/v2\/media?parent=792"}],"wp:term":[{"taxonomy":"product_brand","embeddable":true,"href":"https:\/\/travnice-nuse.cz\/sk\/wp-json\/wp\/v2\/product_brand?post=792"},{"taxonomy":"product_cat","embeddable":true,"href":"https:\/\/travnice-nuse.cz\/sk\/wp-json\/wp\/v2\/product_cat?post=792"},{"taxonomy":"product_tag","embeddable":true,"href":"https:\/\/travnice-nuse.cz\/sk\/wp-json\/wp\/v2\/product_tag?post=792"}],"curies":[{"name":"wp","href":"https:\/\/api.w.org\/{rel}","templated":true}]}}