{"id":143,"date":"2023-11-22T10:31:56","date_gmt":"2023-11-22T10:31:56","guid":{"rendered":"http:\/\/idon"},"modified":"2025-09-27T16:35:47","modified_gmt":"2025-09-27T14:35:47","slug":"plachta-pod-stromy","status":"publish","type":"product","link":"https:\/\/travnice-nuse.cz\/sk\/produkt\/plachta-pod-stromy\/","title":{"rendered":"Plachta pod stromy"},"content":{"rendered":"<p><span style=\"font-weight: 400;\">\u00a0Plachty tejto ve\u013ekosti nem\u00e1me na sklade, ale <\/span><b>vyr\u00e1bame na objedn\u00e1vku<\/b><span style=\"font-weight: 400;\">. Pre tento produkt v\u017edy po\u017eadujeme <\/span><b>platbu vopred na \u00fa\u010det<\/b><span style=\"font-weight: 400;\">.<\/span><\/p>\n<p><b><i>Vhodn\u00e9 na zber ovocia, pod slivky, hru\u0161ky, jablk\u00e1,...<\/i><\/b><\/p>\n<p><b>Rozmery<\/b><span style=\"font-weight: 400;\">: plachta- <\/span><b>300x 300 cm, 450 cm x 450 cm (v\u00e1ha 8kg),\u00a0 600x 600 cm (v\u00e1ha 12kg)\u00a0<\/b><\/p>","protected":false},"excerpt":{"rendered":"<p><span style=\"font-weight: 400;\">Prestieradlo je vyroben\u00e9 z pevn\u00e9ho bavlnen\u00e9ho pl\u00e1tna. M\u00e1 \u0161tvorcov\u00fd tvar, je zo\u0161it\u00e9 do 1\/3, s rozparkom a dvoma viazankami. <strong>Tento tovar nezasielame na dobierku, iba po platbe vopred.<\/strong><\/span><\/p>","protected":false},"featured_media":857,"comment_status":"open","ping_status":"closed","template":"","meta":[],"product_brand":[],"product_cat":[28],"product_tag":[],"class_list":{"0":"post-143","1":"product","2":"type-product","3":"status-publish","4":"has-post-thumbnail","6":"product_cat-plachty-pod-stromy","8":"first","9":"instock","10":"shipping-taxable","11":"purchasable","12":"product-type-variable"},"_links":{"self":[{"href":"https:\/\/travnice-nuse.cz\/sk\/wp-json\/wp\/v2\/product\/143","targetHints":{"allow":["GET"]}}],"collection":[{"href":"https:\/\/travnice-nuse.cz\/sk\/wp-json\/wp\/v2\/product"}],"about":[{"href":"https:\/\/travnice-nuse.cz\/sk\/wp-json\/wp\/v2\/types\/product"}],"replies":[{"embeddable":true,"href":"https:\/\/travnice-nuse.cz\/sk\/wp-json\/wp\/v2\/comments?post=143"}],"wp:featuredmedia":[{"embeddable":true,"href":"https:\/\/travnice-nuse.cz\/sk\/wp-json\/wp\/v2\/media\/857"}],"wp:attachment":[{"href":"https:\/\/travnice-nuse.cz\/sk\/wp-json\/wp\/v2\/media?parent=143"}],"wp:term":[{"taxonomy":"product_brand","embeddable":true,"href":"https:\/\/travnice-nuse.cz\/sk\/wp-json\/wp\/v2\/product_brand?post=143"},{"taxonomy":"product_cat","embeddable":true,"href":"https:\/\/travnice-nuse.cz\/sk\/wp-json\/wp\/v2\/product_cat?post=143"},{"taxonomy":"product_tag","embeddable":true,"href":"https:\/\/travnice-nuse.cz\/sk\/wp-json\/wp\/v2\/product_tag?post=143"}],"curies":[{"name":"wp","href":"https:\/\/api.w.org\/{rel}","templated":true}]}}