{"id":136,"date":"2023-11-22T10:31:56","date_gmt":"2023-11-22T10:31:56","guid":{"rendered":"http:\/\/idon"},"modified":"2026-04-19T07:15:26","modified_gmt":"2026-04-19T05:15:26","slug":"travnice-100-bavlna","status":"publish","type":"product","link":"https:\/\/travnice-nuse.cz\/sk\/produkt\/travnice-100-bavlna\/","title":{"rendered":"Tr\u00e1vnica - 100 % bavlna"},"content":{"rendered":"<p><span style=\"font-weight: 400;\">Tr\u00e1vnica je tradi\u010dn\u00fdm n\u00e1strojom po\u013enohospod\u00e1rov a z\u00e1hradk\u00e1rov.<\/span><span style=\"font-weight: 400;\"><br \/>\n<\/span><span style=\"font-weight: 400;\">Je to \u0161tvorcov\u00e1 plachta so \u0161tyrmi popruhmi v rohoch, ktor\u00e1 sa pou\u017e\u00edva na prepravu pokosenej tr\u00e1vy, sena a in\u00e9ho z\u00e1hradn\u00e9ho odpadu.<\/span><\/p>\n<p><b><i>Krajov\u00e9 n\u00e1zvy: travnice, tr\u00e1vnica, no\u0161a, m\u011bchovnice, loktu\u0161a, d\u017eichta, dichta, popelu\u0161e, c\u00edpnice, dichule, drochta, n\u00e1\u0159itek, plach\u00e9tka, koncovka, grastuch, zelenica, trakovica, popolnica, po\u0148va, hamva\u0161, trogtuch, plachtice, trha\u010dka, oaska, rozs\u00e9va\u010dka, kol\u00edska<\/i><\/b><\/p>\n<p>Gram\u00e1\u017e: <span style=\"font-weight: 400;\">\u00a0310 g\/m2 <\/span><\/p>\n<p><span style=\"font-weight: 400;\">\u010cesk\u00fd, ru\u010dne vyr\u00e1ban\u00fd v\u00fdrobok.<\/span><\/p>","protected":false},"excerpt":{"rendered":"<p><span style=\"font-weight: 400;\">Tradi\u010dn\u00e1 plachta na tr\u00e1vu, seno alebo in\u00fd z\u00e1hradn\u00fd odpad.<\/span><\/p>\n<p><span style=\"font-weight: 400;\">Tr\u00e1vnica je vyroben\u00e1 z pevn\u00e9ho bavlnen\u00e9ho pl\u00e1tna. M\u00e1 \u0161tvorcov\u00fd tvar so 4 pevn\u00fdmi popruhmi.<\/span><\/p>","protected":false},"featured_media":207,"comment_status":"open","ping_status":"closed","template":"","meta":[],"product_brand":[],"product_cat":[26],"product_tag":[],"class_list":{"0":"post-136","1":"product","2":"type-product","3":"status-publish","4":"has-post-thumbnail","6":"product_cat-travnice","8":"first","9":"instock","10":"shipping-taxable","11":"purchasable","12":"product-type-variable"},"_links":{"self":[{"href":"https:\/\/travnice-nuse.cz\/sk\/wp-json\/wp\/v2\/product\/136","targetHints":{"allow":["GET"]}}],"collection":[{"href":"https:\/\/travnice-nuse.cz\/sk\/wp-json\/wp\/v2\/product"}],"about":[{"href":"https:\/\/travnice-nuse.cz\/sk\/wp-json\/wp\/v2\/types\/product"}],"replies":[{"embeddable":true,"href":"https:\/\/travnice-nuse.cz\/sk\/wp-json\/wp\/v2\/comments?post=136"}],"wp:featuredmedia":[{"embeddable":true,"href":"https:\/\/travnice-nuse.cz\/sk\/wp-json\/wp\/v2\/media\/207"}],"wp:attachment":[{"href":"https:\/\/travnice-nuse.cz\/sk\/wp-json\/wp\/v2\/media?parent=136"}],"wp:term":[{"taxonomy":"product_brand","embeddable":true,"href":"https:\/\/travnice-nuse.cz\/sk\/wp-json\/wp\/v2\/product_brand?post=136"},{"taxonomy":"product_cat","embeddable":true,"href":"https:\/\/travnice-nuse.cz\/sk\/wp-json\/wp\/v2\/product_cat?post=136"},{"taxonomy":"product_tag","embeddable":true,"href":"https:\/\/travnice-nuse.cz\/sk\/wp-json\/wp\/v2\/product_tag?post=136"}],"curies":[{"name":"wp","href":"https:\/\/api.w.org\/{rel}","templated":true}]}}