{"id":134,"date":"2023-11-22T10:31:55","date_gmt":"2023-11-22T10:31:55","guid":{"rendered":"http:\/\/idon"},"modified":"2025-01-21T09:41:09","modified_gmt":"2025-01-21T08:41:09","slug":"nakupni-bavlnena-taska","status":"publish","type":"product","link":"https:\/\/travnice-nuse.cz\/sk\/produkt\/nakupni-bavlnena-taska\/","title":{"rendered":"Bavlnen\u00e1 n\u00e1kupn\u00e1 ta\u0161ka"},"content":{"rendered":"<p><span style=\"font-weight: 400;\">Bavlnen\u00e1 n\u00e1kupn\u00e1 ta\u0161ka je vyroben\u00e1 z <\/span><b>100% pevnej bavlny.<\/b><\/p>\n<p><span style=\"font-weight: 400;\">Na ta\u0161ke s\u00fa na\u0161it\u00e9 dr\u017eadl\u00e1, ktor\u00e9 unes\u00fa ve\u013ek\u00fa v\u00e1hu.<\/span><\/p>\n<p><span style=\"font-weight: 400;\">Rozmery ta\u0161ky:<\/span><\/p>\n<p><b>\u0160\u00edrka<\/b><span style=\"font-weight: 400;\">: <\/span><b>43 cm<\/b><\/p>\n<p><b>V\u00fd\u0161ka<\/b><span style=\"font-weight: 400;\">: <\/span><b>44 cm<\/b><\/p>\n<p><b>D\u013a\u017eka ucha<\/b><span style=\"font-weight: 400;\">: <\/span><b>53 cm<\/b><\/p>","protected":false},"excerpt":{"rendered":"<p><span style=\"font-weight: 400;\">Bavlnen\u00e1 n\u00e1kupn\u00e1 ta\u0161ka je vyroben\u00e1 z <\/span><b>100% pevnej bavlny.<\/b><\/p>","protected":false},"featured_media":501,"comment_status":"open","ping_status":"closed","template":"","meta":[],"product_brand":[],"product_cat":[31],"product_tag":[],"class_list":{"0":"post-134","1":"product","2":"type-product","3":"status-publish","4":"has-post-thumbnail","6":"product_cat-nakupni-tasky","8":"first","9":"instock","10":"shipping-taxable","11":"purchasable","12":"product-type-simple"},"_links":{"self":[{"href":"https:\/\/travnice-nuse.cz\/sk\/wp-json\/wp\/v2\/product\/134","targetHints":{"allow":["GET"]}}],"collection":[{"href":"https:\/\/travnice-nuse.cz\/sk\/wp-json\/wp\/v2\/product"}],"about":[{"href":"https:\/\/travnice-nuse.cz\/sk\/wp-json\/wp\/v2\/types\/product"}],"replies":[{"embeddable":true,"href":"https:\/\/travnice-nuse.cz\/sk\/wp-json\/wp\/v2\/comments?post=134"}],"wp:featuredmedia":[{"embeddable":true,"href":"https:\/\/travnice-nuse.cz\/sk\/wp-json\/wp\/v2\/media\/501"}],"wp:attachment":[{"href":"https:\/\/travnice-nuse.cz\/sk\/wp-json\/wp\/v2\/media?parent=134"}],"wp:term":[{"taxonomy":"product_brand","embeddable":true,"href":"https:\/\/travnice-nuse.cz\/sk\/wp-json\/wp\/v2\/product_brand?post=134"},{"taxonomy":"product_cat","embeddable":true,"href":"https:\/\/travnice-nuse.cz\/sk\/wp-json\/wp\/v2\/product_cat?post=134"},{"taxonomy":"product_tag","embeddable":true,"href":"https:\/\/travnice-nuse.cz\/sk\/wp-json\/wp\/v2\/product_tag?post=134"}],"curies":[{"name":"wp","href":"https:\/\/api.w.org\/{rel}","templated":true}]}}