{"id":132,"date":"2023-11-22T10:31:55","date_gmt":"2023-11-22T10:31:55","guid":{"rendered":"http:\/\/idon"},"modified":"2025-07-08T13:59:57","modified_gmt":"2025-07-08T11:59:57","slug":"zahradnicka-zastera-mala","status":"publish","type":"product","link":"https:\/\/travnice-nuse.cz\/sk\/produkt\/zahradnicka-zastera-mala\/","title":{"rendered":"Z\u00e1hradn\u00edcka z\u00e1stera - mal\u00e1"},"content":{"rendered":"<p><span style=\"font-weight: 400;\">Vreck\u00e1 s\u00fa umiestnen\u00e9 v prednej a bo\u010dnej \u010dasti tak, aby nebr\u00e1nili v pohybe ani pri maxim\u00e1lnom pou\u017e\u00edvan\u00ed.<\/span><\/p>\n<p><b>Z\u00e1steru si ob\u013e\u00fabite pri akejko\u013evek pr\u00e1ci. Nebr\u00e1ni v\u00e1m v pohybe, dokonale v\u00e1s chr\u00e1ni a z\u00e1rove\u0148 m\u00e1te po ruke v\u0161etko, \u010do potrebujete.<\/b><\/p>\n<p><b>Rozmery:<\/b><\/p>\n<p><b>d\u013a\u017eka - 52 cm, \u0161\u00edrka dna - 93, \u0161\u00edrka v oblasti bokov - 76 cm<\/b><\/p>\n<p><span style=\"font-weight: 400;\">Popruhy s\u00fa tie\u017e dostato\u010dne dlh\u00e9, aby sa dali vpredu zaviaza\u0165.<\/span><\/p>","protected":false},"excerpt":{"rendered":"<p><span style=\"font-weight: 400;\">Mierne roz\u0161\u00edren\u00e1 pracovn\u00e1 z\u00e1stera je vyroben\u00e1 z odoln\u00e9ho pl\u00e1tna v kombin\u00e1cii bavlna, \u013ean (40\/60).<\/span><\/p>","protected":false},"featured_media":229,"comment_status":"open","ping_status":"closed","template":"","meta":[],"product_brand":[],"product_cat":[29],"product_tag":[35,36,40],"class_list":{"0":"post-132","1":"product","2":"type-product","3":"status-publish","4":"has-post-thumbnail","6":"product_cat-zastery","7":"product_tag-bavlna","8":"product_tag-len","9":"product_tag-zastera","11":"first","12":"instock","13":"shipping-taxable","14":"purchasable","15":"product-type-simple"},"_links":{"self":[{"href":"https:\/\/travnice-nuse.cz\/sk\/wp-json\/wp\/v2\/product\/132","targetHints":{"allow":["GET"]}}],"collection":[{"href":"https:\/\/travnice-nuse.cz\/sk\/wp-json\/wp\/v2\/product"}],"about":[{"href":"https:\/\/travnice-nuse.cz\/sk\/wp-json\/wp\/v2\/types\/product"}],"replies":[{"embeddable":true,"href":"https:\/\/travnice-nuse.cz\/sk\/wp-json\/wp\/v2\/comments?post=132"}],"wp:featuredmedia":[{"embeddable":true,"href":"https:\/\/travnice-nuse.cz\/sk\/wp-json\/wp\/v2\/media\/229"}],"wp:attachment":[{"href":"https:\/\/travnice-nuse.cz\/sk\/wp-json\/wp\/v2\/media?parent=132"}],"wp:term":[{"taxonomy":"product_brand","embeddable":true,"href":"https:\/\/travnice-nuse.cz\/sk\/wp-json\/wp\/v2\/product_brand?post=132"},{"taxonomy":"product_cat","embeddable":true,"href":"https:\/\/travnice-nuse.cz\/sk\/wp-json\/wp\/v2\/product_cat?post=132"},{"taxonomy":"product_tag","embeddable":true,"href":"https:\/\/travnice-nuse.cz\/sk\/wp-json\/wp\/v2\/product_tag?post=132"}],"curies":[{"name":"wp","href":"https:\/\/api.w.org\/{rel}","templated":true}]}}