{"id":130,"date":"2023-11-22T10:31:55","date_gmt":"2023-11-22T10:31:55","guid":{"rendered":"http:\/\/idon"},"modified":"2025-10-12T09:20:08","modified_gmt":"2025-10-12T07:20:08","slug":"zahradnicka-zastera-velka","status":"publish","type":"product","link":"https:\/\/travnice-nuse.cz\/sk\/produkt\/zahradnicka-zastera-velka\/","title":{"rendered":"Z\u00e1hradn\u00edcka z\u00e1stera - ve\u013ek\u00e1"},"content":{"rendered":"<p><span style=\"font-weight: 400;\">Vreck\u00e1 s\u00fa umiestnen\u00e9 v bo\u010dn\u00fdch \u010dastiach tak, aby nebr\u00e1nili pohybu ani pri maxim\u00e1lnom pou\u017e\u00edvan\u00ed. Mal\u00e9 vrecko na telef\u00f3n je na\u0161it\u00e9 diagon\u00e1lne na vn\u00fatornej strane lacla.<\/span><\/p>\n<p><b>Z\u00e1steru si ob\u013e\u00fabite pri akejko\u013evek pr\u00e1ci. Nebr\u00e1ni v\u00e1m v pohybe, dokonale v\u00e1s chr\u00e1ni a z\u00e1rove\u0148 m\u00e1te po ruke v\u0161etko, \u010do potrebujete.<\/b><\/p>\n<p><b>Z\u00e1stera je vhodn\u00e1 aj na grilovanie.<\/b><\/p>\n<p><b>Rozmery:<\/b><\/p>\n<p><b>celkov\u00e1 d\u013a\u017eka - 76 cm, d\u013a\u017eka v p\u00e1se - 47 cm, \u0161\u00edrka dna - 93, \u0161\u00edrka bokov - 72 cm<\/b><\/p>\n<p><span style=\"font-weight: 400;\">\u00a0Popruhy s\u00fa tie\u017e dostato\u010dne dlh\u00e9, aby sa dali vpredu zaviaza\u0165.<\/span><\/p>","protected":false},"excerpt":{"rendered":"<p><span style=\"font-weight: 400;\">Mierne roz\u0161\u00edren\u00e1 pracovn\u00e1 z\u00e1stera s nastavite\u013en\u00fdm popruhom je vyroben\u00e1 z odoln\u00e9ho pl\u00e1tna v kombin\u00e1cii bavlna, \u013ean (70\/30).<\/span><\/p>","protected":false},"featured_media":235,"comment_status":"open","ping_status":"closed","template":"","meta":[],"product_brand":[],"product_cat":[29],"product_tag":[35,36,40],"class_list":{"0":"post-130","1":"product","2":"type-product","3":"status-publish","4":"has-post-thumbnail","6":"product_cat-zastery","7":"product_tag-bavlna","8":"product_tag-len","9":"product_tag-zastera","11":"first","12":"instock","13":"shipping-taxable","14":"purchasable","15":"product-type-simple"},"_links":{"self":[{"href":"https:\/\/travnice-nuse.cz\/sk\/wp-json\/wp\/v2\/product\/130","targetHints":{"allow":["GET"]}}],"collection":[{"href":"https:\/\/travnice-nuse.cz\/sk\/wp-json\/wp\/v2\/product"}],"about":[{"href":"https:\/\/travnice-nuse.cz\/sk\/wp-json\/wp\/v2\/types\/product"}],"replies":[{"embeddable":true,"href":"https:\/\/travnice-nuse.cz\/sk\/wp-json\/wp\/v2\/comments?post=130"}],"wp:featuredmedia":[{"embeddable":true,"href":"https:\/\/travnice-nuse.cz\/sk\/wp-json\/wp\/v2\/media\/235"}],"wp:attachment":[{"href":"https:\/\/travnice-nuse.cz\/sk\/wp-json\/wp\/v2\/media?parent=130"}],"wp:term":[{"taxonomy":"product_brand","embeddable":true,"href":"https:\/\/travnice-nuse.cz\/sk\/wp-json\/wp\/v2\/product_brand?post=130"},{"taxonomy":"product_cat","embeddable":true,"href":"https:\/\/travnice-nuse.cz\/sk\/wp-json\/wp\/v2\/product_cat?post=130"},{"taxonomy":"product_tag","embeddable":true,"href":"https:\/\/travnice-nuse.cz\/sk\/wp-json\/wp\/v2\/product_tag?post=130"}],"curies":[{"name":"wp","href":"https:\/\/api.w.org\/{rel}","templated":true}]}}