{"id":128,"date":"2023-11-22T10:31:54","date_gmt":"2023-11-22T10:31:54","guid":{"rendered":"http:\/\/idon"},"modified":"2024-03-25T15:38:37","modified_gmt":"2024-03-25T14:38:37","slug":"maxi-pytel","status":"publish","type":"product","link":"https:\/\/travnice-nuse.cz\/sk\/produkt\/maxi-pytel\/","title":{"rendered":"Maxi vrecko"},"content":{"rendered":"<p><span style=\"font-weight: 400;\">Vrecko je vhodn\u00e9 na pe\u010divo - v\u00e4\u010d\u0161\u00ed dom\u00e1ci chlieb, such\u00e9 pe\u010divo a mnoh\u00e9 \u010fal\u0161ie v\u00fdrobky v dom\u00e1cnosti. V\u010faka 100% bavlne s vysokou gram\u00e1\u017eou udr\u017e\u00ed pe\u010divo \u010derstv\u00e9 2 a\u017e 3 dni. Via\u017ee sa ozdobnou k\u00e1rovanou \u0161n\u00farkou.<\/span><\/p>\n<p><span style=\"font-weight: 400;\">Rozmery:<\/span><\/p>\n<p><b>\u0160\u00edrka<\/b><span style=\"font-weight: 400;\">: 36 cm<\/span><\/p>\n<p><b>V\u00fd\u0161ka<\/b><span style=\"font-weight: 400;\">: 53 cm<\/span><\/p>","protected":false},"excerpt":{"rendered":"<p><span style=\"font-weight: 400;\">Vrecko je vhodn\u00e9 na pe\u010divo<\/span><\/p>","protected":false},"featured_media":505,"comment_status":"open","ping_status":"closed","template":"","meta":[],"product_brand":[],"product_cat":[32],"product_tag":[],"class_list":{"0":"post-128","1":"product","2":"type-product","3":"status-publish","4":"has-post-thumbnail","6":"product_cat-pytliky","8":"first","9":"instock","10":"shipping-taxable","11":"purchasable","12":"product-type-simple"},"_links":{"self":[{"href":"https:\/\/travnice-nuse.cz\/sk\/wp-json\/wp\/v2\/product\/128","targetHints":{"allow":["GET"]}}],"collection":[{"href":"https:\/\/travnice-nuse.cz\/sk\/wp-json\/wp\/v2\/product"}],"about":[{"href":"https:\/\/travnice-nuse.cz\/sk\/wp-json\/wp\/v2\/types\/product"}],"replies":[{"embeddable":true,"href":"https:\/\/travnice-nuse.cz\/sk\/wp-json\/wp\/v2\/comments?post=128"}],"wp:featuredmedia":[{"embeddable":true,"href":"https:\/\/travnice-nuse.cz\/sk\/wp-json\/wp\/v2\/media\/505"}],"wp:attachment":[{"href":"https:\/\/travnice-nuse.cz\/sk\/wp-json\/wp\/v2\/media?parent=128"}],"wp:term":[{"taxonomy":"product_brand","embeddable":true,"href":"https:\/\/travnice-nuse.cz\/sk\/wp-json\/wp\/v2\/product_brand?post=128"},{"taxonomy":"product_cat","embeddable":true,"href":"https:\/\/travnice-nuse.cz\/sk\/wp-json\/wp\/v2\/product_cat?post=128"},{"taxonomy":"product_tag","embeddable":true,"href":"https:\/\/travnice-nuse.cz\/sk\/wp-json\/wp\/v2\/product_tag?post=128"}],"curies":[{"name":"wp","href":"https:\/\/api.w.org\/{rel}","templated":true}]}}