{"id":126,"date":"2023-11-22T10:31:54","date_gmt":"2023-11-22T10:31:54","guid":{"rendered":"http:\/\/idon"},"modified":"2024-02-07T12:37:26","modified_gmt":"2024-02-07T11:37:26","slug":"pytliky-na-bylinky","status":"publish","type":"product","link":"https:\/\/travnice-nuse.cz\/sk\/produkt\/pytliky-na-bylinky\/","title":{"rendered":"Vreck\u00e1 na bylinky"},"content":{"rendered":"<p><span style=\"font-weight: 400;\">Vreck\u00e1 s\u00fa vhodn\u00e9 na su\u0161en\u00e9 bylinky, orechy a huby. Maj\u00fa tvarovan\u00e9 dno, tak\u017ee dobre dr\u017eia tvar. S\u00fa previazan\u00e9 ozdobnou k\u00e1rovanou \u0161n\u00farkou. Balenie obsahuje 3 vrec\u00fa\u0161ka.<\/span><\/p>\n<p><span style=\"font-weight: 400;\">Rozmery:<\/span><\/p>\n<p><b>\u0160\u00edrka<\/b><span style=\"font-weight: 400;\">: 20 cm<\/span><\/p>\n<p><b>V\u00fd\u0161ka<\/b><span style=\"font-weight: 400;\">: 21 cm<\/span><\/p>","protected":false},"excerpt":{"rendered":"<p><span style=\"font-weight: 400;\">Vreck\u00e1 s\u00fa vhodn\u00e9 na su\u0161en\u00e9 bylinky, orechy a huby.<\/span><\/p>","protected":false},"featured_media":495,"comment_status":"open","ping_status":"closed","template":"","meta":[],"product_brand":[],"product_cat":[32],"product_tag":[],"class_list":{"0":"post-126","1":"product","2":"type-product","3":"status-publish","4":"has-post-thumbnail","6":"product_cat-pytliky","8":"first","9":"instock","10":"shipping-taxable","11":"purchasable","12":"product-type-simple"},"_links":{"self":[{"href":"https:\/\/travnice-nuse.cz\/sk\/wp-json\/wp\/v2\/product\/126","targetHints":{"allow":["GET"]}}],"collection":[{"href":"https:\/\/travnice-nuse.cz\/sk\/wp-json\/wp\/v2\/product"}],"about":[{"href":"https:\/\/travnice-nuse.cz\/sk\/wp-json\/wp\/v2\/types\/product"}],"replies":[{"embeddable":true,"href":"https:\/\/travnice-nuse.cz\/sk\/wp-json\/wp\/v2\/comments?post=126"}],"wp:featuredmedia":[{"embeddable":true,"href":"https:\/\/travnice-nuse.cz\/sk\/wp-json\/wp\/v2\/media\/495"}],"wp:attachment":[{"href":"https:\/\/travnice-nuse.cz\/sk\/wp-json\/wp\/v2\/media?parent=126"}],"wp:term":[{"taxonomy":"product_brand","embeddable":true,"href":"https:\/\/travnice-nuse.cz\/sk\/wp-json\/wp\/v2\/product_brand?post=126"},{"taxonomy":"product_cat","embeddable":true,"href":"https:\/\/travnice-nuse.cz\/sk\/wp-json\/wp\/v2\/product_cat?post=126"},{"taxonomy":"product_tag","embeddable":true,"href":"https:\/\/travnice-nuse.cz\/sk\/wp-json\/wp\/v2\/product_tag?post=126"}],"curies":[{"name":"wp","href":"https:\/\/api.w.org\/{rel}","templated":true}]}}