{"id":94,"date":"2023-11-22T10:31:47","date_gmt":"2023-11-22T10:31:47","guid":{"rendered":"https:\/\/travnice-nuse.cz\/?page_id=94"},"modified":"2024-01-25T10:04:24","modified_gmt":"2024-01-25T09:04:24","slug":"kosik","status":"publish","type":"page","link":"https:\/\/travnice-nuse.cz\/sk\/kosik\/","title":{"rendered":"Ko\u0161\u00edk"},"content":{"rendered":"<div data-elementor-type=\"wp-page\" data-elementor-id=\"94\" class=\"elementor elementor-94\" data-elementor-post-type=\"page\">\n\t\t\t\t<div class=\"elementor-element elementor-element-1183c533 e-flex e-con-boxed e-con e-parent\" data-id=\"1183c533\" data-element_type=\"container\" data-e-type=\"container\">\n\t\t\t\t\t<div class=\"e-con-inner\">\n\t\t<div class=\"elementor-element elementor-element-551b68ac e-con-full e-flex e-con e-child\" data-id=\"551b68ac\" data-element_type=\"container\" data-e-type=\"container\">\n\t\t\t\t<div class=\"elementor-element elementor-element-6db8fc60 elementor-widget elementor-widget-heading\" data-id=\"6db8fc60\" data-element_type=\"widget\" data-e-type=\"widget\" data-widget_type=\"heading.default\">\n\t\t\t\t<div class=\"elementor-widget-container\">\n\t\t\t\t\t<h1 class=\"elementor-heading-title elementor-size-default\">Ko\u0161\u00edk<\/h1>\t\t\t\t<\/div>\n\t\t\t\t<\/div>\n\t\t\t\t<\/div>\n\t\t\t\t\t<\/div>\n\t\t\t\t<\/div>\n\t\t\t\t<\/div>","protected":false},"excerpt":{"rendered":"<p>Ko\u0161\u00edk Odstranit polo\u017eku N\u00e1hled Produkt Cena Mno\u017estv\u00ed Mezisou\u010det &times; Pl\u00e1t\u011bn\u00fd ko\u0161 549,00&nbsp;&#75;&#269; Pl\u00e1t\u011bn\u00fd ko\u0161 mno\u017estv\u00ed 549,00&nbsp;&#75;&#269; &times; Travnice &#8211; 100 % bavlna Velikost: 100x100cm 370,00&nbsp;&#75;&#269; Travnice &#8211; 100 % bavlna &#8211; 100x100cm mno\u017estv\u00ed 370,00&nbsp;&#75;&#269; Aktivovat kup\u00f3n Souhrn ko\u0161\u00edku Mezisou\u010det 919,00&nbsp;&#75;&#269; Doprava CZ V\u00fddejn\u00ed m\u00edsta Z\u00e1silkovny (Z-Point, Z-Box, AlzaBox): 120,00&nbsp;&#75;&#269; CZ Z\u00e1silkovna dom\u016f HD: 150,00&nbsp;&#75;&#269; Mo\u017enosti [&hellip;]<\/p>\n","protected":false},"author":1,"featured_media":0,"parent":0,"menu_order":0,"comment_status":"closed","ping_status":"closed","template":"","meta":{"footnotes":""},"class_list":["post-94","page","type-page","status-publish","hentry"],"_links":{"self":[{"href":"https:\/\/travnice-nuse.cz\/sk\/wp-json\/wp\/v2\/pages\/94","targetHints":{"allow":["GET"]}}],"collection":[{"href":"https:\/\/travnice-nuse.cz\/sk\/wp-json\/wp\/v2\/pages"}],"about":[{"href":"https:\/\/travnice-nuse.cz\/sk\/wp-json\/wp\/v2\/types\/page"}],"author":[{"embeddable":true,"href":"https:\/\/travnice-nuse.cz\/sk\/wp-json\/wp\/v2\/users\/1"}],"replies":[{"embeddable":true,"href":"https:\/\/travnice-nuse.cz\/sk\/wp-json\/wp\/v2\/comments?post=94"}],"version-history":[{"count":5,"href":"https:\/\/travnice-nuse.cz\/sk\/wp-json\/wp\/v2\/pages\/94\/revisions"}],"predecessor-version":[{"id":360,"href":"https:\/\/travnice-nuse.cz\/sk\/wp-json\/wp\/v2\/pages\/94\/revisions\/360"}],"wp:attachment":[{"href":"https:\/\/travnice-nuse.cz\/sk\/wp-json\/wp\/v2\/media?parent=94"}],"curies":[{"name":"wp","href":"https:\/\/api.w.org\/{rel}","templated":true}]}}