{"id":62,"date":"2023-11-22T10:31:37","date_gmt":"2023-11-22T10:31:37","guid":{"rendered":"https:\/\/travnice-nuse.cz\/?page_id=62"},"modified":"2025-07-15T10:05:59","modified_gmt":"2025-07-15T08:05:59","slug":"domu","status":"publish","type":"page","link":"https:\/\/travnice-nuse.cz\/sk\/","title":{"rendered":"Domov"},"content":{"rendered":"<div data-elementor-type=\"wp-page\" data-elementor-id=\"62\" class=\"elementor elementor-62\" data-elementor-post-type=\"page\">\n\t\t\t\t<div class=\"elementor-element elementor-element-1b1dc1d e-con-full e-flex e-con e-parent\" data-id=\"1b1dc1d\" data-element_type=\"container\" data-e-type=\"container\" data-settings=\"{&quot;background_background&quot;:&quot;classic&quot;}\">\n\t\t<div class=\"elementor-element elementor-element-1d6f8965 e-con-full e-flex e-con e-child\" data-id=\"1d6f8965\" data-element_type=\"container\" data-e-type=\"container\" data-settings=\"{&quot;background_background&quot;:&quot;classic&quot;}\">\n\t\t\t\t<\/div>\n\t\t<div class=\"elementor-element elementor-element-39ad5c5e e-con-full e-flex e-con e-child\" data-id=\"39ad5c5e\" data-element_type=\"container\" data-e-type=\"container\" data-settings=\"{&quot;background_background&quot;:&quot;classic&quot;}\">\n\t\t\t\t<div class=\"elementor-element elementor-element-32df8023 elementor-cta--skin-cover elementor-widget elementor-widget-call-to-action\" data-id=\"32df8023\" data-element_type=\"widget\" data-e-type=\"widget\" data-widget_type=\"call-to-action.default\">\n\t\t\t\t<div class=\"elementor-widget-container\">\n\t\t\t\t\t\t\t<div class=\"elementor-cta\">\n\t\t\t\t\t<div class=\"elementor-cta__bg-wrapper\">\n\t\t\t\t<div class=\"elementor-cta__bg elementor-bg\" style=\"background-image: url();\" role=\"img\" aria-label=\"\"><\/div>\n\t\t\t\t<div class=\"elementor-cta__bg-overlay\"><\/div>\n\t\t\t<\/div>\n\t\t\t\t\t\t\t<div class=\"elementor-cta__content\">\n\t\t\t\t\n\t\t\t\t\t\t\t\t\t<h1 class=\"elementor-cta__title elementor-cta__content-item elementor-content-item\">\n\t\t\t\t\t\tRu\u010dne vyr\u00e1ban\u00e9 \u013eanov\u00e9 v\u00fdrobky\t\t\t\t\t<\/h1>\n\t\t\t\t\n\t\t\t\t\t\t\t\t\t<div class=\"elementor-cta__description elementor-cta__content-item elementor-content-item\">\n\t\t\t\t\t\tRukavice, no\u0161e, z\u00e1stery, ta\u0161ky, vreck\u00e1\t\t\t\t\t<\/div>\n\t\t\t\t\n\t\t\t\t\t\t\t\t\t<div class=\"elementor-cta__button-wrapper elementor-cta__content-item elementor-content-item\">\n\t\t\t\t\t<a class=\"elementor-cta__button elementor-button elementor-size-\" href=\"\/sk\/obchod\/\">\n\t\t\t\t\t\tCho\u010fte nakupova\u0165 \u27f6\t\t\t\t\t<\/a>\n\t\t\t\t\t<\/div>\n\t\t\t\t\t\t\t<\/div>\n\t\t\t\t\t\t<\/div>\n\t\t\t\t\t\t<\/div>\n\t\t\t\t<\/div>\n\t\t\t\t<\/div>\n\t\t\t\t<\/div>\n\t\t<div class=\"elementor-element elementor-element-3462104e elementor-hidden-phone e-flex e-con-boxed e-con e-parent\" data-id=\"3462104e\" data-element_type=\"container\" data-e-type=\"container\" data-settings=\"{&quot;background_background&quot;:&quot;classic&quot;}\">\n\t\t\t\t\t<div class=\"e-con-inner\">\n\t\t\t\t<div class=\"elementor-element elementor-element-28c576f8 elementor-widget__width-initial elementor-align-center elementor-widget elementor-widget-lottie\" data-id=\"28c576f8\" data-element_type=\"widget\" data-e-type=\"widget\" data-settings=\"{&quot;source_json&quot;:{&quot;url&quot;:&quot;https:\\\/\\\/travnice-nuse.cz\\\/wp-content\\\/uploads\\\/2023\\\/11\\\/18110-common-arrow-white2.json&quot;,&quot;id&quot;:&quot;38&quot;,&quot;size&quot;:&quot;&quot;},&quot;link_to&quot;:&quot;custom&quot;,&quot;custom_link&quot;:{&quot;url&quot;:&quot;#dinnerware&quot;,&quot;is_external&quot;:&quot;&quot;,&quot;nofollow&quot;:&quot;&quot;,&quot;custom_attributes&quot;:&quot;&quot;},&quot;loop&quot;:&quot;yes&quot;,&quot;play_speed&quot;:{&quot;unit&quot;:&quot;px&quot;,&quot;size&quot;:&quot;0.3&quot;,&quot;sizes&quot;:[]},&quot;lazyload&quot;:&quot;yes&quot;,&quot;source&quot;:&quot;media_file&quot;,&quot;caption_source&quot;:&quot;none&quot;,&quot;trigger&quot;:&quot;arriving_to_viewport&quot;,&quot;viewport&quot;:{&quot;unit&quot;:&quot;%&quot;,&quot;size&quot;:&quot;&quot;,&quot;sizes&quot;:{&quot;start&quot;:0,&quot;end&quot;:100}},&quot;start_point&quot;:{&quot;unit&quot;:&quot;%&quot;,&quot;size&quot;:0,&quot;sizes&quot;:[]},&quot;end_point&quot;:{&quot;unit&quot;:&quot;%&quot;,&quot;size&quot;:100,&quot;sizes&quot;:[]},&quot;renderer&quot;:&quot;svg&quot;}\" data-widget_type=\"lottie.default\">\n\t\t\t\t<div class=\"elementor-widget-container\">\n\t\t\t\t\t<a class=\"e-lottie__container__link\" href=\"#dinnerware\"><div class=\"e-lottie__container\"><div class=\"e-lottie__animation\"><\/div><\/div><\/a>\t\t\t\t<\/div>\n\t\t\t\t<\/div>\n\t\t\t\t\t<\/div>\n\t\t\t\t<\/div>\n\t\t<div class=\"elementor-element elementor-element-4c1d69c7 e-flex e-con-boxed e-con e-parent\" data-id=\"4c1d69c7\" data-element_type=\"container\" data-e-type=\"container\" id=\"dinnerware\" data-settings=\"{&quot;background_background&quot;:&quot;classic&quot;}\">\n\t\t\t\t\t<div class=\"e-con-inner\">\n\t\t\t\t<div class=\"elementor-element elementor-element-356049c9 elementor-cta--skin-cover elementor-widget elementor-widget-call-to-action\" data-id=\"356049c9\" data-element_type=\"widget\" data-e-type=\"widget\" data-widget_type=\"call-to-action.default\">\n\t\t\t\t<div class=\"elementor-widget-container\">\n\t\t\t\t\t\t\t<div class=\"elementor-cta\">\n\t\t\t\t\t<div class=\"elementor-cta__bg-wrapper\">\n\t\t\t\t<div class=\"elementor-cta__bg elementor-bg\" style=\"background-image: url();\" role=\"img\" aria-label=\"\"><\/div>\n\t\t\t\t<div class=\"elementor-cta__bg-overlay\"><\/div>\n\t\t\t<\/div>\n\t\t\t\t\t\t\t<div class=\"elementor-cta__content\">\n\t\t\t\t\n\t\t\t\t\t\t\t\t\t<h2 class=\"elementor-cta__title elementor-cta__content-item elementor-content-item\">\n\t\t\t\t\t\tTr\u00e1vnice\t\t\t\t\t<\/h2>\n\t\t\t\t\n\t\t\t\t\t\t\t\t\t<div class=\"elementor-cta__description elementor-cta__content-item elementor-content-item\">\n\t\t\t\t\t\tTradi\u010dn\u00fd n\u00e1stroj pre z\u00e1hradk\u00e1rov , po\u013enohospod\u00e1rov a chovate\u013eov.<br>Pou\u017e\u00edva sa na prepravu pokosenej tr\u00e1vy, sena a in\u00e9ho z\u00e1hradn\u00e9ho odpadu.<br>Produkt overen\u00fd dlhoro\u010dnou trad\u00edciou.\t\t\t\t\t<\/div>\n\t\t\t\t\n\t\t\t\t\t\t\t\t\t<div class=\"elementor-cta__button-wrapper elementor-cta__content-item elementor-content-item\">\n\t\t\t\t\t<a class=\"elementor-cta__button elementor-button elementor-size-\" href=\"\/sk\/produktova-kategorie\/travnice\/\">\n\t\t\t\t\t\tZobrazi\u0165 \u27f6\t\t\t\t\t<\/a>\n\t\t\t\t\t<\/div>\n\t\t\t\t\t\t\t<\/div>\n\t\t\t\t\t\t<\/div>\n\t\t\t\t\t\t<\/div>\n\t\t\t\t<\/div>\n\t\t\t\t\t<\/div>\n\t\t\t\t<\/div>\n\t\t<div class=\"elementor-element elementor-element-7b11bbc6 e-flex e-con-boxed e-con e-parent\" data-id=\"7b11bbc6\" data-element_type=\"container\" data-e-type=\"container\" data-settings=\"{&quot;background_background&quot;:&quot;classic&quot;}\">\n\t\t\t\t\t<div class=\"e-con-inner\">\n\t\t\t\t<div class=\"elementor-element elementor-element-6c0d63c4 elementor-cta--skin-cover elementor-widget elementor-widget-call-to-action\" data-id=\"6c0d63c4\" data-element_type=\"widget\" data-e-type=\"widget\" data-widget_type=\"call-to-action.default\">\n\t\t\t\t<div class=\"elementor-widget-container\">\n\t\t\t\t\t\t\t<div class=\"elementor-cta\">\n\t\t\t\t\t<div class=\"elementor-cta__bg-wrapper\">\n\t\t\t\t<div class=\"elementor-cta__bg elementor-bg\" style=\"background-image: url();\" role=\"img\" aria-label=\"\"><\/div>\n\t\t\t\t<div class=\"elementor-cta__bg-overlay\"><\/div>\n\t\t\t<\/div>\n\t\t\t\t\t\t\t<div class=\"elementor-cta__content\">\n\t\t\t\t\n\t\t\t\t\t\t\t\t\t<h2 class=\"elementor-cta__title elementor-cta__content-item elementor-content-item\">\n\t\t\t\t\t\tTa\u0161ky\t\t\t\t\t<\/h2>\n\t\t\t\t\n\t\t\t\t\n\t\t\t\t\t\t\t\t\t<div class=\"elementor-cta__button-wrapper elementor-cta__content-item elementor-content-item\">\n\t\t\t\t\t<a class=\"elementor-cta__button elementor-button elementor-size-\" href=\"\/sk\/produktova-kategorie\/nakupni-tasky\/\">\n\t\t\t\t\t\tZobrazi\u0165 \u27f6\t\t\t\t\t<\/a>\n\t\t\t\t\t<\/div>\n\t\t\t\t\t\t\t<\/div>\n\t\t\t\t\t\t<\/div>\n\t\t\t\t\t\t<\/div>\n\t\t\t\t<\/div>\n\t\t\t\t\t<\/div>\n\t\t\t\t<\/div>\n\t\t<div class=\"elementor-element elementor-element-786435b9 e-flex e-con-boxed e-con e-parent\" data-id=\"786435b9\" data-element_type=\"container\" data-e-type=\"container\" data-settings=\"{&quot;background_background&quot;:&quot;classic&quot;}\">\n\t\t\t\t\t<div class=\"e-con-inner\">\n\t\t<div class=\"elementor-element elementor-element-7f7318ce e-con-full e-flex e-con e-child\" data-id=\"7f7318ce\" data-element_type=\"container\" data-e-type=\"container\">\n\t\t\t\t<div class=\"elementor-element elementor-element-44686e4d elementor-cta--skin-cover elementor-widget__width-initial elementor-widget elementor-widget-call-to-action\" data-id=\"44686e4d\" data-element_type=\"widget\" data-e-type=\"widget\" data-widget_type=\"call-to-action.default\">\n\t\t\t\t<div class=\"elementor-widget-container\">\n\t\t\t\t\t\t\t<div class=\"elementor-cta\">\n\t\t\t\t\t<div class=\"elementor-cta__bg-wrapper\">\n\t\t\t\t<div class=\"elementor-cta__bg elementor-bg\" style=\"background-image: url();\" role=\"img\" aria-label=\"\"><\/div>\n\t\t\t\t<div class=\"elementor-cta__bg-overlay\"><\/div>\n\t\t\t<\/div>\n\t\t\t\t\t\t\t<div class=\"elementor-cta__content\">\n\t\t\t\t\n\t\t\t\t\t\t\t\t\t<h2 class=\"elementor-cta__title elementor-cta__content-item elementor-content-item\">\n\t\t\t\t\t\tNov\u00e9 produkty\t\t\t\t\t<\/h2>\n\t\t\t\t\n\t\t\t\t\n\t\t\t\t\t\t\t\t\t<div class=\"elementor-cta__button-wrapper elementor-cta__content-item elementor-content-item\">\n\t\t\t\t\t<a class=\"elementor-cta__button elementor-button elementor-size-\" href=\"\/sk\/obchod\/\">\n\t\t\t\t\t\tPozri v\u0161etky \u27f6 \t\t\t\t\t<\/a>\n\t\t\t\t\t<\/div>\n\t\t\t\t\t\t\t<\/div>\n\t\t\t\t\t\t<\/div>\n\t\t\t\t\t\t<\/div>\n\t\t\t\t<\/div>\n\t\t\t\t<\/div>\n\t\t<div class=\"elementor-element elementor-element-3d6afd6d e-con-full e-flex e-con e-child\" data-id=\"3d6afd6d\" data-element_type=\"container\" data-e-type=\"container\">\n\t\t\t\t<div class=\"elementor-element elementor-element-6feaaff9 elementor-grid-2 elementor-grid-tablet-2 elementor-grid-mobile-1 elementor-products-grid elementor-wc-products elementor-widget elementor-widget-woocommerce-products\" data-id=\"6feaaff9\" data-element_type=\"widget\" data-e-type=\"widget\" data-widget_type=\"woocommerce-products.default\">\n\t\t\t\t<div class=\"elementor-widget-container\">\n\t\t\t\t\t<div class=\"woocommerce columns-2\"><ul class=\"products elementor-grid columns-2\">\n<li class=\"product type-product post-136 status-publish first instock product_cat-travnice has-post-thumbnail shipping-taxable purchasable product-type-variable\">\n\t<a href=\"https:\/\/travnice-nuse.cz\/sk\/produkt\/travnice-100-bavlna\/\" class=\"woocommerce-LoopProduct-link woocommerce-loop-product__link\"><img fetchpriority=\"high\" decoding=\"async\" width=\"300\" height=\"300\" src=\"https:\/\/travnice-nuse.cz\/wp-content\/uploads\/2023\/11\/travnice-100x100-2-300x300.jpeg\" class=\"attachment-woocommerce_thumbnail size-woocommerce_thumbnail\" alt=\"Travnice - 100 % bavlna\" srcset=\"https:\/\/travnice-nuse.cz\/wp-content\/uploads\/2023\/11\/travnice-100x100-2-300x300.jpeg 300w, https:\/\/travnice-nuse.cz\/wp-content\/uploads\/2023\/11\/travnice-100x100-2-150x150.jpeg 150w, https:\/\/travnice-nuse.cz\/wp-content\/uploads\/2023\/11\/travnice-100x100-2-100x100.jpeg 100w\" sizes=\"(max-width: 300px) 100vw, 300px\" \/><h2 class=\"woocommerce-loop-product__title\">Tr\u00e1vnica - 100 % bavlna<\/h2>\n\t<span class=\"price\"><span class=\"woocommerce-Price-amount amount\" aria-hidden=\"true\"><bdi>380,00&nbsp;<span class=\"woocommerce-Price-currencySymbol\">&#75;&#269;<\/span><\/bdi><\/span> <span aria-hidden=\"true\">&ndash;<\/span> <span class=\"woocommerce-Price-amount amount\" aria-hidden=\"true\"><bdi>470,00&nbsp;<span class=\"woocommerce-Price-currencySymbol\">&#75;&#269;<\/span><\/bdi><\/span><span class=\"screen-reader-text\" data-no-translation=\"\" data-trp-gettext=\"\">Price range: 380,00&nbsp;&#75;&#269; through 470,00&nbsp;&#75;&#269;<\/span><\/span>\n<\/a><a href=\"https:\/\/travnice-nuse.cz\/sk\/produkt\/travnice-100-bavlna\/\" aria-describedby=\"woocommerce_loop_add_to_cart_link_describedby_136\" data-quantity=\"1\" class=\"button product_type_variable add_to_cart_button\" data-product_id=\"136\" data-product_sku=\"211857\" aria-label=\"Vyberte mo\u017enosti pre &quot;Travnice - 100 % bavlna&quot;\" rel=\"nofollow\" data-no-translation=\"\" data-trp-gettext=\"\" data-no-translation-aria-label=\"\">Vyberte mo\u017enosti<\/a>\t<span id=\"woocommerce_loop_add_to_cart_link_describedby_136\" class=\"screen-reader-text\">\n\t\tTento v\u00fdrobok m\u00e1 viacero variantov. Varianty si m\u00f4\u017eete vybra\u0165 na str\u00e1nke produktu\t<\/span>\n<\/li>\n<li class=\"product type-product post-138 status-publish last instock product_cat-travnice product_tag-bavlna product_tag-len product_tag-travnice has-post-thumbnail shipping-taxable purchasable product-type-variable\">\n\t<a href=\"https:\/\/travnice-nuse.cz\/sk\/produkt\/travnice-60-len-40-bavlna\/\" class=\"woocommerce-LoopProduct-link woocommerce-loop-product__link\"><img decoding=\"async\" width=\"300\" height=\"300\" src=\"https:\/\/travnice-nuse.cz\/wp-content\/uploads\/2023\/11\/travnice-100x100-2-300x300.jpeg\" class=\"attachment-woocommerce_thumbnail size-woocommerce_thumbnail\" alt=\"Travnice - 30 % len, 70 % bavlna\" srcset=\"https:\/\/travnice-nuse.cz\/wp-content\/uploads\/2023\/11\/travnice-100x100-2-300x300.jpeg 300w, https:\/\/travnice-nuse.cz\/wp-content\/uploads\/2023\/11\/travnice-100x100-2-150x150.jpeg 150w, https:\/\/travnice-nuse.cz\/wp-content\/uploads\/2023\/11\/travnice-100x100-2-100x100.jpeg 100w\" sizes=\"(max-width: 300px) 100vw, 300px\" \/><h2 class=\"woocommerce-loop-product__title\">Tr\u00e1vnica - 30% \u013ean, 70% bavlna<\/h2>\n\t<span class=\"price\"><span class=\"woocommerce-Price-amount amount\" aria-hidden=\"true\"><bdi>440,00&nbsp;<span class=\"woocommerce-Price-currencySymbol\">&#75;&#269;<\/span><\/bdi><\/span> <span aria-hidden=\"true\">&ndash;<\/span> <span class=\"woocommerce-Price-amount amount\" aria-hidden=\"true\"><bdi>570,00&nbsp;<span class=\"woocommerce-Price-currencySymbol\">&#75;&#269;<\/span><\/bdi><\/span><span class=\"screen-reader-text\" data-no-translation=\"\" data-trp-gettext=\"\">Price range: 440,00&nbsp;&#75;&#269; through 570,00&nbsp;&#75;&#269;<\/span><\/span>\n<\/a><a href=\"https:\/\/travnice-nuse.cz\/sk\/produkt\/travnice-60-len-40-bavlna\/\" aria-describedby=\"woocommerce_loop_add_to_cart_link_describedby_138\" data-quantity=\"1\" class=\"button product_type_variable add_to_cart_button\" data-product_id=\"138\" data-product_sku=\"211856\" aria-label=\"Vyberte mo\u017enosti pre &quot;Travnice - 30 % len, 70 % bavlna&quot;\" rel=\"nofollow\" data-no-translation=\"\" data-trp-gettext=\"\" data-no-translation-aria-label=\"\">Vyberte mo\u017enosti<\/a>\t<span id=\"woocommerce_loop_add_to_cart_link_describedby_138\" class=\"screen-reader-text\">\n\t\tTento v\u00fdrobok m\u00e1 viacero variantov. Varianty si m\u00f4\u017eete vybra\u0165 na str\u00e1nke produktu\t<\/span>\n<\/li>\n<\/ul>\n<\/div>\t\t\t\t<\/div>\n\t\t\t\t<\/div>\n\t\t\t\t<\/div>\n\t\t\t\t\t<\/div>\n\t\t\t\t<\/div>\n\t\t<div class=\"elementor-element elementor-element-5281f011 e-con-full e-flex e-con e-parent\" data-id=\"5281f011\" data-element_type=\"container\" data-e-type=\"container\">\n\t\t<div class=\"elementor-element elementor-element-c5d502c e-con-full e-flex e-con e-child\" data-id=\"c5d502c\" data-element_type=\"container\" data-e-type=\"container\" data-settings=\"{&quot;background_background&quot;:&quot;classic&quot;}\">\n\t\t\t\t<\/div>\n\t\t<div class=\"elementor-element elementor-element-5600b462 e-con-full e-flex e-con e-child\" data-id=\"5600b462\" data-element_type=\"container\" data-e-type=\"container\" data-settings=\"{&quot;background_background&quot;:&quot;classic&quot;}\">\n\t\t\t\t<div class=\"elementor-element elementor-element-2d9b7916 elementor-cta--skin-cover elementor-widget elementor-widget-call-to-action\" data-id=\"2d9b7916\" data-element_type=\"widget\" data-e-type=\"widget\" data-widget_type=\"call-to-action.default\">\n\t\t\t\t<div class=\"elementor-widget-container\">\n\t\t\t\t\t\t\t<div class=\"elementor-cta\">\n\t\t\t\t\t<div class=\"elementor-cta__bg-wrapper\">\n\t\t\t\t<div class=\"elementor-cta__bg elementor-bg\" style=\"background-image: url();\" role=\"img\" aria-label=\"\"><\/div>\n\t\t\t\t<div class=\"elementor-cta__bg-overlay\"><\/div>\n\t\t\t<\/div>\n\t\t\t\t\t\t\t<div class=\"elementor-cta__content\">\n\t\t\t\t\n\t\t\t\t\t\t\t\t\t<h3 class=\"elementor-cta__title elementor-cta__content-item elementor-content-item\">\n\t\t\t\t\t\tPr\u00edrodn\u00e9 materi\u00e1ly a nie\u010do o nich\t\t\t\t\t<\/h3>\n\t\t\t\t\n\t\t\t\t\t\t\t\t\t<div class=\"elementor-cta__description elementor-cta__content-item elementor-content-item\">\n\t\t\t\t\t\tV\u0161etky na\u0161e v\u00fdrobky s\u00fa vyroben\u00e9 z materi\u00e1lov, ktor\u00e9 sme utkali na objedn\u00e1vku. <br>Pl\u00e1tno z bavlny 100%, hmotnos\u0165 310 g\/m2.<br>Pl\u00e1tno - kombin\u00e1cia bavlny a \u013eanu, hmotnos\u0165 360 g\/m2.<br><br>\t\t\t\t\t<\/div>\n\t\t\t\t\n\t\t\t\t\t\t\t\t\t<div class=\"elementor-cta__button-wrapper elementor-cta__content-item elementor-content-item\">\n\t\t\t\t\t<a class=\"elementor-cta__button elementor-button elementor-size-\" href=\"\/sk\/o-nas\/\">\n\t\t\t\t\t\t\u010eal\u0161ie inform\u00e1cie \u27f6\t\t\t\t\t<\/a>\n\t\t\t\t\t<\/div>\n\t\t\t\t\t\t\t<\/div>\n\t\t\t\t\t\t<\/div>\n\t\t\t\t\t\t<\/div>\n\t\t\t\t<\/div>\n\t\t\t\t<\/div>\n\t\t\t\t<\/div>\n\t\t\t\t<\/div>","protected":false},"excerpt":{"rendered":"<p>Ru\u010dn\u011b d\u011blan\u00e9 pl\u00e1t\u011bn\u00e9 v\u00fdrobky Travnice, n\u016f\u0161e, z\u00e1st\u011bry, ta\u0161ky, pytl\u00edky J\u00edt nakupovat \u27f6 Travnice Tradi\u010dn\u00ed pom\u016fcka pro zahradk\u00e1\u0159e , zem\u011bd\u011blce a chovatele.Slou\u017e\u00ed k no\u0161en\u00ed se\u010den\u00e9 tr\u00e1vy, sena a jin\u00e9ho zahradn\u00edho odpadu.Produkt ov\u011b\u0159en\u00fd dlouholetou tradic\u00ed. Prohl\u00e9dnout \u27f6 Ta\u0161ky Prohl\u00e9dnout \u27f6 Nov\u00e9 produkty Prohl\u00e9dnout v\u0161echny \u27f6 P\u0159\u00edrodn\u00ed materi\u00e1ly a n\u011bco o nich V\u0161echny na\u0161e produkty jsou vyroben\u00e9 z [&hellip;]<\/p>\n","protected":false},"author":1,"featured_media":0,"parent":0,"menu_order":0,"comment_status":"closed","ping_status":"closed","template":"elementor_header_footer","meta":{"footnotes":""},"class_list":["post-62","page","type-page","status-publish","hentry"],"_links":{"self":[{"href":"https:\/\/travnice-nuse.cz\/sk\/wp-json\/wp\/v2\/pages\/62","targetHints":{"allow":["GET"]}}],"collection":[{"href":"https:\/\/travnice-nuse.cz\/sk\/wp-json\/wp\/v2\/pages"}],"about":[{"href":"https:\/\/travnice-nuse.cz\/sk\/wp-json\/wp\/v2\/types\/page"}],"author":[{"embeddable":true,"href":"https:\/\/travnice-nuse.cz\/sk\/wp-json\/wp\/v2\/users\/1"}],"replies":[{"embeddable":true,"href":"https:\/\/travnice-nuse.cz\/sk\/wp-json\/wp\/v2\/comments?post=62"}],"version-history":[{"count":5,"href":"https:\/\/travnice-nuse.cz\/sk\/wp-json\/wp\/v2\/pages\/62\/revisions"}],"predecessor-version":[{"id":1065,"href":"https:\/\/travnice-nuse.cz\/sk\/wp-json\/wp\/v2\/pages\/62\/revisions\/1065"}],"wp:attachment":[{"href":"https:\/\/travnice-nuse.cz\/sk\/wp-json\/wp\/v2\/media?parent=62"}],"curies":[{"name":"wp","href":"https:\/\/api.w.org\/{rel}","templated":true}]}}