{"id":3,"date":"2023-11-22T08:45:34","date_gmt":"2023-11-22T08:45:34","guid":{"rendered":"https:\/\/travnice-nuse.cz\/?page_id=3"},"modified":"2024-02-06T11:52:42","modified_gmt":"2024-02-06T10:52:42","slug":"zasady-ochrany-osobnich-udaju","status":"publish","type":"page","link":"https:\/\/travnice-nuse.cz\/sk\/zasady-ochrany-osobnich-udaju\/","title":{"rendered":"Z\u00e1sady ochrany osobn\u00fdch \u00fadajov"},"content":{"rendered":"<div data-elementor-type=\"wp-page\" data-elementor-id=\"3\" class=\"elementor elementor-3\" data-elementor-post-type=\"page\">\n\t\t\t\t<div class=\"elementor-element elementor-element-58faa3a7 e-flex e-con-boxed e-con e-parent\" data-id=\"58faa3a7\" data-element_type=\"container\" data-e-type=\"container\">\n\t\t\t\t\t<div class=\"e-con-inner\">\n\t\t\t\t<div class=\"elementor-element elementor-element-3f42c6e0 elementor-widget elementor-widget-text-editor\" data-id=\"3f42c6e0\" data-element_type=\"widget\" data-e-type=\"widget\" data-widget_type=\"text-editor.default\">\n\t\t\t\t<div class=\"elementor-widget-container\">\n\t\t\t\t\t\t\t\t\t\n<div id=\"pageBorders\" class=\"style-scope qowt-page\" contenteditable=\"false\">\u00a0<\/div>\n<div id=\"contentsContainer\" class=\"style-scope qowt-page\">\n<div id=\"contents\" class=\"style-scope qowt-page\">\n<p id=\"E619\" class=\"qowt-stl-Normal x-scope qowt-word-para-0\"><span id=\"E620\">Z\u00e1sady ochrany osobn\u00fdch \u00fadajov<\/span><\/p>\n<p id=\"E623\" class=\"qowt-stl-Normal x-scope qowt-word-para-3\"><span id=\"E624\">I.<\/span><\/p>\n<p id=\"E625\" class=\"qowt-stl-Normal x-scope qowt-word-para-3\"><span id=\"E626\">Z\u00e1kladn\u00e9 ustanovenia<\/span><\/p>\n<p id=\"E627\" class=\"qowt-li-1_0 qowt-list qowt-stl-ListParagraph x-scope qowt-word-para-1\" role=\"listitem\"><span id=\"E628\">Prev\u00e1dzkovate\u013e osobn\u00fdch \u00fadajov pod\u013ea \u010dl\u00e1nku 4 ods. 7 nariadenia Eur\u00f3pskeho parlamentu a Rady (E\u00da) 2016\/679 o ochrane fyzick\u00fdch os\u00f4b pri sprac\u00favan\u00ed osobn\u00fdch \u00fadajov a o vo\u013enom pohybe tak\u00fdchto \u00fadajov (\u010falej len \"<\/span><span id=\"E629\">GDPR<\/span><span id=\"E630\">\") je <\/span><span id=\"E632\">Jana N\u011bmcov\u00e1 I\u010cO: 14444909 so s\u00eddlom \u017derot\u00edn 6, 78401 \u017derot\u00edn <\/span><span id=\"E637\">(\u010falej len \"<\/span><span id=\"E638\">Spr\u00e1vca<\/span><span id=\"E639\">\").<\/span><\/p>\n<p id=\"E640\" class=\"qowt-li-1_0 qowt-list qowt-stl-ListParagraph x-scope qowt-word-para-2\" role=\"listitem\"><span id=\"E641\">Kontaktn\u00e9 \u00fadaje spr\u00e1vcu s\u00fa<\/span><\/p>\n<p id=\"E642\" class=\"qowt-stl-ListParagraph x-scope qowt-word-para-1\"><span id=\"E644\">Adresa: <span id=\"E632\"> \u017derot\u00edn 6, 78401 \u017derot\u00edn<\/span> travnice.cz@gmail.com<\/span><\/p>\n<p id=\"E645\" class=\"qowt-stl-ListParagraph x-scope qowt-word-para-2\"><span id=\"E646\">e-mail: <span id=\"E644\">travnice.cz@gmail.com<\/span><\/span><\/p>\n<p id=\"E653\" class=\"qowt-li-1_0 qowt-list qowt-stl-ListParagraph x-scope qowt-word-para-2\" role=\"listitem\"><span id=\"E654\">Osobn\u00e9 \u00fadaje s\u00fa ak\u00e9ko\u013evek inform\u00e1cie o identifikovanej alebo identifikovate\u013enej fyzickej osobe; identifikovate\u013en\u00e1 fyzick\u00e1 osoba je fyzick\u00e1 osoba, ktor\u00fa mo\u017eno priamo alebo nepriamo identifikova\u0165, najm\u00e4 odkazom na identifik\u00e1tor, ako je meno, identifika\u010dn\u00e9 \u010d\u00edslo, lokaliza\u010dn\u00e9 \u00fadaje, sie\u0165ov\u00fd identifik\u00e1tor alebo na jeden \u010di viacero \u0161pecifick\u00fdch prvkov fyzickej, fyziologickej, genetickej, ment\u00e1lnej, ekonomickej, kult\u00farnej alebo soci\u00e1lnej identity tejto fyzickej osoby.<\/span><\/p>\n<p id=\"E655\" class=\"qowt-li-1_0 qowt-list qowt-stl-ListParagraph x-scope qowt-word-para-1\" role=\"listitem\"><span id=\"E656\">Spr\u00e1vca <\/span><span id=\"E658\">nie je menovan\u00fd <\/span><span id=\"E663\">\u00daradn\u00edk pre ochranu \u00fadajov.\u00a0<\/span><span id=\"E669\"><\/span><\/p>\n<p id=\"E672\" class=\"qowt-stl-Normal x-scope qowt-word-para-3\"><span id=\"E673\">II.<\/span><\/p>\n<p id=\"E674\" class=\"qowt-stl-Normal x-scope qowt-word-para-3\"><span id=\"E675\">Zdroje a kateg\u00f3rie sprac\u00favan\u00fdch osobn\u00fdch \u00fadajov<\/span><\/p>\n<p id=\"E676\" class=\"qowt-li-13_0 qowt-list qowt-stl-ListParagraph x-scope qowt-word-para-2\" role=\"listitem\"><span id=\"E677\">Prev\u00e1dzkovate\u013e sprac\u00fava osobn\u00e9 \u00fadaje, ktor\u00e9 ste mu poskytli, alebo osobn\u00e9 \u00fadaje, ktor\u00e9 prev\u00e1dzkovate\u013e z\u00edskal na z\u00e1klade vybavenia va\u0161ej objedn\u00e1vky.<\/span><\/p>\n<p id=\"E678\" class=\"qowt-li-13_0 qowt-list qowt-stl-ListParagraph x-scope qowt-word-para-2\" role=\"listitem\"><span id=\"E679\">Prev\u00e1dzkovate\u013e sprac\u00fava va\u0161e identifika\u010dn\u00e9, kontaktn\u00e9 a \u00fadaje potrebn\u00e9 na plnenie zmluvy. <\/span><\/p>\n<p id=\"E682\" class=\"qowt-stl-Normal x-scope qowt-word-para-3\"><span id=\"E683\">III.<\/span><\/p>\n<p id=\"E684\" class=\"qowt-stl-Normal x-scope qowt-word-para-3\"><span id=\"E685\">Z\u00e1konn\u00fd d\u00f4vod a \u00fa\u010del spracovania osobn\u00fdch \u00fadajov<\/span><\/p>\n<p id=\"E686\" class=\"qowt-li-2_0 qowt-list qowt-stl-ListParagraph x-scope qowt-word-para-2\" role=\"listitem\"><span id=\"E687\">Z\u00e1konn\u00fdm d\u00f4vodom na spracovanie osobn\u00fdch \u00fadajov je <\/span><\/p>\n<p id=\"E688\" class=\"qowt-li-7_0 qowt-list qowt-stl-ListParagraph x-scope qowt-word-para-2\" role=\"listitem\" aria-roledescription=\"Bullet\"><span id=\"E689\">plnenie zmluvy medzi vami a prev\u00e1dzkovate\u013eom pod\u013ea \u010dl\u00e1nku 6 ods. 1 p\u00edsm. b) GDPR,<\/span><\/p>\n<p id=\"E690\" class=\"qowt-li-7_0 qowt-list qowt-stl-ListParagraph x-scope qowt-word-para-1\" role=\"listitem\" aria-roledescription=\"Bullet\"><span id=\"E691\"><\/span><span id=\"E693\">opr\u00e1vnen\u00fd z\u00e1ujem prev\u00e1dzkovate\u013ea na poskytovan\u00ed priameho marketingu (najm\u00e4 na zasielanie obchodn\u00fdch ozn\u00e1men\u00ed a newsletterov) pod\u013ea \u010dl\u00e1nku 6 ods. 1 p\u00edsm. f) GDPR,<\/span><\/p>\n<p id=\"E694\" class=\"qowt-li-7_0 qowt-list qowt-stl-ListParagraph x-scope qowt-word-para-1\" role=\"listitem\" aria-roledescription=\"Bullet\"><span id=\"E695\"><\/span><span id=\"E697\">V\u00e1\u0161 s\u00fahlas so spracovan\u00edm na \u00fa\u010dely poskytovania priameho marketingu (najm\u00e4 na zasielanie obchodn\u00fdch ozn\u00e1men\u00ed a newsletterov) pod\u013ea \u010dl\u00e1nku 6 ods. 1 p\u00edsm. a) GDPR v spojen\u00ed s \u00a7 7 ods. 2 z\u00e1kona \u010d. 480\/2004 Z. z. o niektor\u00fdch slu\u017eb\u00e1ch informa\u010dnej spolo\u010dnosti v pr\u00edpade, \u017ee nedo\u0161lo k objedn\u00e1vke tovaru alebo slu\u017eieb. <\/span><\/p>\n<p id=\"E698\" class=\"qowt-li-2_0 qowt-list qowt-stl-ListParagraph x-scope qowt-word-para-2\" role=\"listitem\"><span id=\"E699\">\u00da\u010delom spracovania osobn\u00fdch \u00fadajov je<\/span><\/p>\n<p id=\"E700\" class=\"qowt-li-8_0 qowt-list qowt-stl-ListParagraph x-scope qowt-word-para-2\" role=\"listitem\" aria-roledescription=\"Bullet\"><span id=\"E701\">spracovanie va\u0161ej objedn\u00e1vky a v\u00fdkon pr\u00e1v a povinnost\u00ed vypl\u00fdvaj\u00facich zo zmluvn\u00e9ho vz\u0165ahu medzi vami a prev\u00e1dzkovate\u013eom; osobn\u00e9 \u00fadaje s\u00fa potrebn\u00e9 pri zad\u00e1van\u00ed objedn\u00e1vky, <\/span><\/p>\n<\/div>\n<\/div>\n<div id=\"E602\" class=\"style-scope qowt-page style-scope qowt-page\">\n<p id=\"E603\" class=\"qowt-stl-Zpat style-scope qowt-page x-scope qowt-word-para-1 style-scope qowt-page x-scope qowt-word-para-1\"><span id=\"E604\" class=\"style-scope qowt-page\"><\/span><span id=\"E606\" class=\"style-scope qowt-page\"><\/span><span id=\"E608\" class=\"style-scope qowt-page\"><\/span><span id=\"E613\" class=\"qowt-field qowt-field-pagenum style-scope qowt-page\"><span id=\"E610\" class=\"style-scope qowt-page\">1<\/span><\/span><span id=\"E611\" class=\"style-scope qowt-page\"><\/span><\/p>\n<p id=\"E614\" class=\"qowt-stl-Zpat style-scope qowt-page x-scope qowt-word-para-1 style-scope qowt-page x-scope qowt-word-para-1\">\u00a0<\/p>\n<\/div>\n<div id=\"pageBorders\" class=\"style-scope qowt-page\" contenteditable=\"false\">\u00a0<\/div>\n<div id=\"contentsContainer\" class=\"style-scope qowt-page\">\n<div id=\"contents\" class=\"style-scope qowt-page\">\n<div id=\"E602\">\n<p id=\"E603\" class=\"qowt-stl-Zpat\"><span id=\"E604\"><\/span><span id=\"E606\"><\/span><span id=\"E608\"><\/span><span id=\"E613\" class=\"qowt-field qowt-field-pagenum\"><span id=\"E610\">3<\/span><\/span><span id=\"E611\"><\/span><\/p>\n<p id=\"E614\" class=\"qowt-stl-Zpat\">\u00a0<\/p>\n<\/div>\n<p class=\"x-scope qowt-li-8_0 qowt-list qowt-stl-ListParagraph x-scope qowt-word-para-2\" role=\"listitem\" aria-roledescription=\"Bullet\">ktor\u00e9 s\u00fa nevyhnutn\u00e9 na \u00faspe\u0161n\u00e9 vybavenie objedn\u00e1vky (meno a adresa, kontakt), je poskytnutie osobn\u00fdch \u00fadajov nevyhnutnou po\u017eiadavkou na uzavretie a plnenie zmluvy, bez poskytnutia osobn\u00fdch \u00fadajov nie je mo\u017en\u00e9 zmluvu uzavrie\u0165 ani ju zo strany spr\u00e1vcu plni\u0165,<\/p>\n<p id=\"E702\" class=\"qowt-li-8_0 qowt-list qowt-stl-ListParagraph x-scope qowt-word-para-1\" role=\"listitem\" aria-roledescription=\"Bullet\"><span id=\"E703\"><\/span><span id=\"E705\">zasielanie obchodn\u00fdch ozn\u00e1men\u00ed a vykon\u00e1vanie \u010fal\u0161\u00edch marketingov\u00fdch \u010dinnost\u00ed. <\/span><\/p>\n<p id=\"E706\" class=\"qowt-li-2_0 qowt-list qowt-stl-ListParagraph x-scope qowt-word-para-1\" role=\"listitem\"><span id=\"E707\">Na strane spr\u00e1vcu <\/span><span id=\"E709\">nevyskytuje sa \/ vyskytuje sa<\/span><span id=\"E710\"><\/span><span id=\"E712\"><\/span><span id=\"E714\"> na automatizovan\u00e9 individu\u00e1lne rozhodovanie v zmysle \u010dl\u00e1nku 22 GDPR. S tak\u00fdmto spracovan\u00edm ste udelili svoj v\u00fdslovn\u00fd s\u00fahlas. <\/span><\/p>\n<p id=\"E717\" class=\"qowt-stl-Normal x-scope qowt-word-para-3\"><span id=\"E718\">IV.<\/span><\/p>\n<p id=\"E719\" class=\"qowt-stl-Normal x-scope qowt-word-para-3\"><span id=\"E720\">Obdobie uchov\u00e1vania \u00fadajov<\/span><\/p>\n<p id=\"E721\" class=\"qowt-li-6_0 qowt-list qowt-stl-ListParagraph x-scope qowt-word-para-2\" role=\"listitem\"><span id=\"E722\">Prev\u00e1dzkovate\u013e uklad\u00e1 osobn\u00e9 \u00fadaje <\/span><\/p>\n<p id=\"E723\" class=\"qowt-li-9_0 qowt-list qowt-stl-ListParagraph x-scope qowt-word-para-2\" role=\"listitem\" aria-roledescription=\"Bullet\"><span id=\"E724\">po dobu nevyhnutn\u00fa na v\u00fdkon pr\u00e1v a povinnost\u00ed vypl\u00fdvaj\u00facich zo zmluvn\u00e9ho vz\u0165ahu medzi vami a prev\u00e1dzkovate\u013eom a na uplatnenie n\u00e1rokov vypl\u00fdvaj\u00facich z t\u00fdchto zmluvn\u00fdch vz\u0165ahov (po dobu 15 rokov od ukon\u010denia zmluvn\u00e9ho vz\u0165ahu). <\/span><\/p>\n<p id=\"E725\" class=\"qowt-li-9_0 qowt-list qowt-stl-ListParagraph x-scope qowt-word-para-1\" role=\"listitem\" aria-roledescription=\"Bullet\"><span id=\"E726\"><\/span><span id=\"E728\">dovtedy, k\u00fdm sa odvol\u00e1 s\u00fahlas so spracovan\u00edm osobn\u00fdch \u00fadajov na marketingov\u00e9 \u00fa\u010dely, ale nie dlh\u0161ie ako <\/span><span id=\"E730\">....<\/span><span id=\"E731\"><\/span><span id=\"E733\"><\/span><span id=\"E735\"> rokov, ak sa osobn\u00e9 \u00fadaje sprac\u00favaj\u00fa na z\u00e1klade s\u00fahlasu. <\/span><\/p>\n<p id=\"E736\" class=\"qowt-li-6_0 qowt-list qowt-stl-ListParagraph x-scope qowt-word-para-2\" role=\"listitem\"><span id=\"E737\">Po uplynut\u00ed doby uchov\u00e1vania prev\u00e1dzkovate\u013e osobn\u00e9 \u00fadaje vyma\u017ee. <\/span><\/p>\n<p id=\"E740\" class=\"qowt-stl-Normal x-scope qowt-word-para-3\"><span id=\"E741\">V.<\/span><\/p>\n<p id=\"E742\" class=\"qowt-stl-Normal x-scope qowt-word-para-3\"><span id=\"E743\">Pr\u00edjemcovia osobn\u00fdch \u00fadajov (subdod\u00e1vatelia prev\u00e1dzkovate\u013ea)<\/span><\/p>\n<p id=\"E744\" class=\"qowt-li-3_0 qowt-list qowt-stl-ListParagraph x-scope qowt-word-para-2\" role=\"listitem\"><span id=\"E745\">Pr\u00edjemcovia osobn\u00fdch \u00fadajov s\u00fa osoby <\/span><\/p>\n<p id=\"E746\" class=\"qowt-li-10_0 qowt-list qowt-stl-ListParagraph x-scope qowt-word-para-2\" role=\"listitem\" aria-roledescription=\"Bullet\"><span id=\"E747\">zapojen\u00ed do dod\u00e1vok tovaru\/slu\u017eieb\/platieb pod\u013ea zmluvy, <\/span><\/p>\n<p id=\"E748\" class=\"qowt-li-10_0 qowt-list qowt-stl-ListParagraph x-scope qowt-word-para-2\" role=\"listitem\" aria-roledescription=\"Bullet\"><span id=\"E749\">zapojen\u00e9 do zabezpe\u010dovania prev\u00e1dzky slu\u017eieb<\/span><span id=\"E750\">,<\/span><\/p>\n<p id=\"E751\" class=\"qowt-li-10_0 qowt-list qowt-stl-ListParagraph x-scope qowt-word-para-2\" role=\"listitem\" aria-roledescription=\"Bullet\"><span id=\"E752\">poskytovanie marketingov\u00fdch slu\u017eieb.<\/span><\/p>\n<p id=\"E753\" class=\"qowt-li-3_0 qowt-list qowt-stl-ListParagraph x-scope qowt-word-para-1\" role=\"listitem\"><span id=\"E754\">Spr\u00e1vca <\/span><span id=\"E756\">nem\u00e1 \/ m\u00e1 <\/span><span id=\"E757\"><\/span><span id=\"E759\"><\/span><span id=\"E761\">m\u00e1te v \u00famysle prenies\u0165 osobn\u00e9 \u00fadaje do tretej krajiny (krajina mimo E\u00da) alebo medzin\u00e1rodnej organiz\u00e1cii. Pr\u00edjemcami osobn\u00fdch \u00fadajov v tret\u00edch krajin\u00e1ch s\u00fa poskytovatelia po\u0161tov\u00fdch slu\u017eieb \/ poskytovatelia cloudov\u00fdch slu\u017eieb. <\/span><\/p>\n<p id=\"E764\" class=\"qowt-stl-Normal x-scope qowt-word-para-3\"><span id=\"E765\">VI.<\/span><\/p>\n<p id=\"E766\" class=\"qowt-stl-Normal x-scope qowt-word-para-3\"><span id=\"E767\">Va\u0161e pr\u00e1va<\/span><\/p>\n<p id=\"E768\" class=\"qowt-li-4_0 qowt-list qowt-stl-ListParagraph x-scope qowt-word-para-2\" role=\"listitem\"><span id=\"E769\">Pod\u013ea podmienok GDPR m\u00e1te <\/span><\/p>\n<p id=\"E770\" class=\"qowt-li-11_0 qowt-list qowt-stl-ListParagraph x-scope qowt-word-para-2\" role=\"listitem\" aria-roledescription=\"Bullet\"><span id=\"E771\">pr\u00e1vo na pr\u00edstup k va\u0161im osobn\u00fdm \u00fadajom pod\u013ea \u010dl\u00e1nku 15 GDPR, <\/span><\/p>\n<p id=\"E772\" class=\"qowt-li-11_0 qowt-list qowt-stl-ListParagraph x-scope qowt-word-para-2\" role=\"listitem\" aria-roledescription=\"Bullet\"><span id=\"E773\">pr\u00e1vo na opravu osobn\u00fdch \u00fadajov pod\u013ea \u010dl\u00e1nku 16 GDPR alebo na obmedzenie spracovania pod\u013ea \u010dl\u00e1nku 18 GDPR. <\/span><\/p>\n<p id=\"E774\" class=\"qowt-li-11_0 qowt-list qowt-stl-ListParagraph x-scope qowt-word-para-2\" role=\"listitem\" aria-roledescription=\"Bullet\"><span id=\"E775\">pr\u00e1vo na vymazanie osobn\u00fdch \u00fadajov pod\u013ea \u010dl\u00e1nku 17 GDPR. <\/span><\/p>\n<p id=\"E776\" class=\"qowt-li-11_0 qowt-list qowt-stl-ListParagraph x-scope qowt-word-para-2\" role=\"listitem\" aria-roledescription=\"Bullet\"><span id=\"E777\">pr\u00e1vo namieta\u0165 proti spracovaniu pod\u013ea \u010dl\u00e1nku 21 GDPR a <\/span><\/p>\n<p id=\"E778\" class=\"qowt-li-11_0 qowt-list qowt-stl-ListParagraph x-scope qowt-word-para-2\" role=\"listitem\" aria-roledescription=\"Bullet\"><span id=\"E779\">pr\u00e1vo na prenosnos\u0165 \u00fadajov pod\u013ea \u010dl\u00e1nku 20 GDPR. <\/span><\/p>\n<p id=\"E780\" class=\"qowt-li-11_0 qowt-list qowt-stl-ListParagraph x-scope qowt-word-para-2\" role=\"listitem\" aria-roledescription=\"Bullet\"><span id=\"E781\">pr\u00e1vo odvola\u0165 s\u00fahlas so spracovan\u00edm p\u00edsomne alebo elektronicky na adresu alebo e-mail prev\u00e1dzkovate\u013ea uveden\u00fd v \u010dl\u00e1nku III t\u00fdchto podmienok. <\/span><\/p>\n<p id=\"E782\" class=\"qowt-li-4_0 qowt-list qowt-stl-ListParagraph x-scope qowt-word-para-2\" role=\"listitem\"><span id=\"E783\">M\u00e1te tie\u017e pr\u00e1vo poda\u0165 s\u0165a\u017enos\u0165 na \u00darad na ochranu osobn\u00fdch \u00fadajov, ak sa domnievate, \u017ee bolo poru\u0161en\u00e9 va\u0161e pr\u00e1vo na ochranu osobn\u00fdch \u00fadajov.<\/span><\/p>\n<\/div>\n<\/div>\n<div id=\"E602\" class=\"style-scope qowt-page style-scope qowt-page\">\n<p id=\"E603\" class=\"qowt-stl-Zpat style-scope qowt-page x-scope qowt-word-para-1 style-scope qowt-page x-scope qowt-word-para-1\"><span id=\"E604\" class=\"style-scope qowt-page\"><\/span><span id=\"E606\" class=\"style-scope qowt-page\"><\/span><span id=\"E608\" class=\"style-scope qowt-page\"><\/span><span id=\"E613\" class=\"qowt-field qowt-field-pagenum style-scope qowt-page\"><span id=\"E610\" class=\"style-scope qowt-page\">2<\/span><\/span><span id=\"E611\" class=\"style-scope qowt-page\"><\/span><\/p>\n<p id=\"E614\" class=\"qowt-stl-Zpat style-scope qowt-page x-scope qowt-word-para-1 style-scope qowt-page x-scope qowt-word-para-1\">\u00a0<\/p>\n<\/div>\n<div id=\"pageBorders\" class=\"style-scope qowt-page\" contenteditable=\"false\">\u00a0<\/div>\n<div id=\"contentsContainer\" class=\"style-scope qowt-page\">\n<div id=\"contents\" class=\"style-scope qowt-page\">\n<div id=\"E602\">\n<p id=\"E603\" class=\"qowt-stl-Zpat\"><span id=\"E604\"><\/span><span id=\"E606\"><\/span><span id=\"E608\"><\/span><span id=\"E613\" class=\"qowt-field qowt-field-pagenum\"><span id=\"E610\">3<\/span><\/span><span id=\"E611\"><\/span><\/p>\n<p id=\"E614\" class=\"qowt-stl-Zpat\">\u00a0<\/p>\n<\/div>\n<p id=\"E786\" class=\"qowt-stl-ListParagraph x-scope qowt-word-para-3\"><span id=\"E787\">VII.<\/span><\/p>\n<p id=\"E788\" class=\"qowt-stl-ListParagraph x-scope qowt-word-para-3\"><span id=\"E789\">Podmienky zabezpe\u010denia osobn\u00fdch \u00fadajov<\/span><\/p>\n<p id=\"E790\" class=\"qowt-li-12_0 qowt-list qowt-stl-ListParagraph x-scope qowt-word-para-2\" role=\"listitem\"><span id=\"E791\">Prev\u00e1dzkovate\u013e vyhlasuje, \u017ee prijal v\u0161etky primeran\u00e9 technick\u00e9 a organiza\u010dn\u00e9 opatrenia na ochranu osobn\u00fdch \u00fadajov.<\/span><\/p>\n<p id=\"E792\" class=\"qowt-li-12_0 qowt-list qowt-stl-ListParagraph x-scope qowt-word-para-1\" role=\"listitem\"><span id=\"E793\">Prev\u00e1dzkovate\u013e prijal technick\u00e9 opatrenia na zabezpe\u010denie uchov\u00e1vania \u00fadajov a uchov\u00e1vania osobn\u00fdch \u00fadajov v papierovej forme<\/span><span id=\"E795\">najm\u00e4...<\/span><span id=\"E797\"><\/span><span id=\"E799\"><\/span><\/p>\n<p id=\"E800\" class=\"qowt-li-12_0 qowt-list qowt-stl-ListParagraph x-scope qowt-word-para-2\" role=\"listitem\"><span id=\"E801\">Prev\u00e1dzkovate\u013e vyhlasuje, \u017ee k osobn\u00fdm \u00fadajom maj\u00fa pr\u00edstup len n\u00edm poveren\u00e9 osoby.<\/span><\/p>\n<p id=\"E804\" class=\"qowt-stl-Normal x-scope qowt-word-para-3\"><span id=\"E805\">VIII.<\/span><\/p>\n<p id=\"E806\" class=\"qowt-stl-Normal x-scope qowt-word-para-3\"><span id=\"E807\">Z\u00e1vere\u010dn\u00e9 ustanovenia<\/span><\/p>\n<p id=\"E808\" class=\"qowt-li-5_0 qowt-list qowt-stl-ListParagraph x-scope qowt-word-para-2\" role=\"listitem\"><span id=\"E809\">Odoslan\u00edm objedn\u00e1vky z online objedn\u00e1vkov\u00e9ho formul\u00e1ra potvrdzujete, \u017ee ste sa obozn\u00e1mili s podmienkami ochrany osobn\u00fdch \u00fadajov a \u017ee ich v plnom rozsahu prij\u00edmate.<\/span><\/p>\n<p id=\"E810\" class=\"qowt-li-5_0 qowt-list qowt-stl-ListParagraph x-scope qowt-word-para-2\" role=\"listitem\"><span id=\"E811\">S t\u00fdmito podmienkami s\u00fahlas\u00edte za\u0161krtnut\u00edm pol\u00ed\u010dka s\u00fahlasu v online formul\u00e1ri. Za\u0161krtnut\u00edm s\u00fahlasu potvrdzujete, \u017ee ste sa obozn\u00e1mili so z\u00e1sadami ochrany osobn\u00fdch \u00fadajov a \u017ee ich v plnom rozsahu prij\u00edmate.<\/span><\/p>\n<p id=\"E812\" class=\"qowt-li-5_0 qowt-list qowt-stl-ListParagraph x-scope qowt-word-para-2\" role=\"listitem\"><span id=\"E813\">Spr\u00e1vca je opr\u00e1vnen\u00fd tieto podmienky zmeni\u0165. Nov\u00fa verziu z\u00e1sad ochrany osobn\u00fdch \u00fadajov zverejn\u00ed na svojej webovej str\u00e1nke alebo v\u00e1m za\u0161le nov\u00fa verziu z\u00e1sad ochrany osobn\u00fdch \u00fadajov na e-mailov\u00fa adresu, ktor\u00fa ste spr\u00e1vcovi poskytli.<\/span><\/p>\n<p id=\"E816\" class=\"qowt-stl-Normal x-scope qowt-word-para-2\"><span id=\"E817\">Tieto podmienky nadob\u00fadaj\u00fa \u00fa\u010dinnos\u0165 25.5.2020.<\/span><\/p>\n<p id=\"E818\" class=\"qowt-stl-Normal x-scope qowt-word-para-1\">\u00a0<\/p>\n<\/div>\n<\/div>\n\t\t\t\t\t\t\t\t<\/div>\n\t\t\t\t<\/div>\n\t\t\t\t\t<\/div>\n\t\t\t\t<\/div>\n\t\t\t\t<\/div>","protected":false},"excerpt":{"rendered":"<p>\u00a0 Z\u00e1sady ochrany osobn\u00edch \u00fadaj\u016f I. Z\u00e1kladn\u00ed ustanoven\u00ed Spr\u00e1vcem osobn\u00edch \u00fadaj\u016f podle \u010dl. 4 bod 7 na\u0159\u00edzen\u00ed Evropsk\u00e9ho parlamentu a Rady (EU) 2016\/679 o ochran\u011b fyzick\u00fdch osob v souvislosti se zpracov\u00e1n\u00edm osobn\u00edch \u00fadaj\u016f a o voln\u00e9m pohybu t\u011bchto \u00fadaj\u016f (d\u00e1le jen: \u201eGDPR\u201d) je Jana N\u011bmcov\u00e1 I\u010c: 14444909 se s\u00eddlem \u017derot\u00edn 6, 78401 \u017derot\u00edn (d\u00e1le jen: [&hellip;]<\/p>\n","protected":false},"author":1,"featured_media":0,"parent":0,"menu_order":0,"comment_status":"closed","ping_status":"closed","template":"","meta":{"footnotes":""},"class_list":["post-3","page","type-page","status-publish","hentry"],"_links":{"self":[{"href":"https:\/\/travnice-nuse.cz\/sk\/wp-json\/wp\/v2\/pages\/3","targetHints":{"allow":["GET"]}}],"collection":[{"href":"https:\/\/travnice-nuse.cz\/sk\/wp-json\/wp\/v2\/pages"}],"about":[{"href":"https:\/\/travnice-nuse.cz\/sk\/wp-json\/wp\/v2\/types\/page"}],"author":[{"embeddable":true,"href":"https:\/\/travnice-nuse.cz\/sk\/wp-json\/wp\/v2\/users\/1"}],"replies":[{"embeddable":true,"href":"https:\/\/travnice-nuse.cz\/sk\/wp-json\/wp\/v2\/comments?post=3"}],"version-history":[{"count":4,"href":"https:\/\/travnice-nuse.cz\/sk\/wp-json\/wp\/v2\/pages\/3\/revisions"}],"predecessor-version":[{"id":476,"href":"https:\/\/travnice-nuse.cz\/sk\/wp-json\/wp\/v2\/pages\/3\/revisions\/476"}],"wp:attachment":[{"href":"https:\/\/travnice-nuse.cz\/sk\/wp-json\/wp\/v2\/media?parent=3"}],"curies":[{"name":"wp","href":"https:\/\/api.w.org\/{rel}","templated":true}]}}